{"id":555,"date":"2025-05-29T14:20:20","date_gmt":"2025-05-29T18:20:20","guid":{"rendered":"https:\/\/solarpanda.com\/?post_type=product&#038;p=555"},"modified":"2025-10-02T11:22:06","modified_gmt":"2025-10-02T15:22:06","slug":"telephone-intelligent-samsung-galaxy-a05","status":"publish","type":"product","link":"https:\/\/solarpanda.com\/fr\/produit\/telephone-intelligent-samsung-galaxy-a05\/","title":{"rendered":"T\u00e9l\u00e9phone intelligent Samsung Galaxy A05"},"content":{"rendered":"","protected":false},"excerpt":{"rendered":"<p><em><strong>1 Go de donn\u00e9es Safaricom GRATUIT \u00e0 l'achat PLUS 50 Mo par jour pendant 60 jours !<\/strong><\/em><\/p>\n<p><strong><em>Etui de t\u00e9l\u00e9phone et protecteur d'\u00e9cran GRATUITS inclus !<\/em><\/strong><\/p>\n<ul>\n<li>\u00c9cran de 6,7 pouces (720 x 1600 pixels)<\/li>\n<li>Appareil photo haute r\u00e9solution de 50 MP<\/li>\n<li>32 Go de stockage<\/li>\n<li>Haut-parleur<\/li>\n<li>Double carte SIM<\/li>\n<li>Android 13<\/li>\n<li>Batterie Li-Po de 5 000 mAh<\/li>\n<li>Jusqu'\u00e0 1 an de garantie du fabricant<\/li>\n<\/ul>","protected":false},"featured_media":107,"template":"","meta":{"site-sidebar-layout":"default","site-content-layout":"","ast-site-content-layout":"default","site-content-style":"default","site-sidebar-style":"default","ast-global-header-display":"","ast-banner-title-visibility":"","ast-main-header-display":"","ast-hfb-above-header-display":"","ast-hfb-below-header-display":"","ast-hfb-mobile-header-display":"","site-post-title":"","ast-breadcrumbs-content":"","ast-featured-img":"","footer-sml-layout":"","theme-transparent-header-meta":"default","adv-header-id-meta":"","stick-header-meta":"","header-above-stick-meta":"","header-main-stick-meta":"","header-below-stick-meta":"","astra-migrate-meta-layouts":"set","ast-page-background-enabled":"default","ast-page-background-meta":{"desktop":{"background-color":"var(--ast-global-color-5)","background-image":"","background-repeat":"repeat","background-position":"center center","background-size":"auto","background-attachment":"scroll","background-type":"","background-media":"","overlay-type":"","overlay-color":"","overlay-opacity":"","overlay-gradient":""},"tablet":{"background-color":"","background-image":"","background-repeat":"repeat","background-position":"center center","background-size":"auto","background-attachment":"scroll","background-type":"","background-media":"","overlay-type":"","overlay-color":"","overlay-opacity":"","overlay-gradient":""},"mobile":{"background-color":"","background-image":"","background-repeat":"repeat","background-position":"center center","background-size":"auto","background-attachment":"scroll","background-type":"","background-media":"","overlay-type":"","overlay-color":"","overlay-opacity":"","overlay-gradient":""}},"ast-content-background-meta":{"desktop":{"background-color":"var(--ast-global-color-4)","background-image":"","background-repeat":"repeat","background-position":"center center","background-size":"auto","background-attachment":"scroll","background-type":"","background-media":"","overlay-type":"","overlay-color":"","overlay-opacity":"","overlay-gradient":""},"tablet":{"background-color":"var(--ast-global-color-4)","background-image":"","background-repeat":"repeat","background-position":"center center","background-size":"auto","background-attachment":"scroll","background-type":"","background-media":"","overlay-type":"","overlay-color":"","overlay-opacity":"","overlay-gradient":""},"mobile":{"background-color":"var(--ast-global-color-4)","background-image":"","background-repeat":"repeat","background-position":"center center","background-size":"auto","background-attachment":"scroll","background-type":"","background-media":"","overlay-type":"","overlay-color":"","overlay-opacity":"","overlay-gradient":""}}},"product_brand":[],"product_cat":[21],"product_tag":[22],"class_list":{"0":"post-555","1":"product","2":"type-product","3":"status-publish","4":"has-post-thumbnail","6":"product_cat-uncategorized","7":"product_tag-kenya","8":"desktop-align-left","9":"tablet-align-left","10":"mobile-align-left","12":"first","13":"instock","14":"shipping-taxable","15":"product-type-simple"},"_links":{"self":[{"href":"https:\/\/solarpanda.com\/fr\/wp-json\/wp\/v2\/product\/555","targetHints":{"allow":["GET"]}}],"collection":[{"href":"https:\/\/solarpanda.com\/fr\/wp-json\/wp\/v2\/product"}],"about":[{"href":"https:\/\/solarpanda.com\/fr\/wp-json\/wp\/v2\/types\/product"}],"wp:featuredmedia":[{"embeddable":true,"href":"https:\/\/solarpanda.com\/fr\/wp-json\/wp\/v2\/media\/107"}],"wp:attachment":[{"href":"https:\/\/solarpanda.com\/fr\/wp-json\/wp\/v2\/media?parent=555"}],"wp:term":[{"taxonomy":"product_brand","embeddable":true,"href":"https:\/\/solarpanda.com\/fr\/wp-json\/wp\/v2\/product_brand?post=555"},{"taxonomy":"product_cat","embeddable":true,"href":"https:\/\/solarpanda.com\/fr\/wp-json\/wp\/v2\/product_cat?post=555"},{"taxonomy":"product_tag","embeddable":true,"href":"https:\/\/solarpanda.com\/fr\/wp-json\/wp\/v2\/product_tag?post=555"}],"curies":[{"name":"wp","href":"https:\/\/api.w.org\/{rel}","templated":true}]}}