{"id":3776,"date":"2026-04-24T18:22:21","date_gmt":"2026-04-24T22:22:21","guid":{"rendered":"https:\/\/solarpanda.com\/?post_type=product&#038;p=3776"},"modified":"2026-04-29T13:00:35","modified_gmt":"2026-04-29T17:00:35","slug":"panneau-solaire-panda-43-tv-192","status":"publish","type":"product","link":"https:\/\/solarpanda.com\/fr\/produit\/panneau-solaire-panda-43-tv-192\/","title":{"rendered":"T\u00e9l\u00e9vision Solaire Panda 43\u201d 192"},"content":{"rendered":"","protected":false},"excerpt":{"rendered":"<p><b><i>LA MEILLEURE exp\u00e9rience t\u00e9l\u00e9visuelle \u00e0 domicile avec une autonomie longue dur\u00e9e, des lumi\u00e8res et plus encore !<\/i><\/b><\/p>\n<p>T\u00e9l\u00e9viseur haute d\u00e9finition de 43 pouces avec t\u00e9l\u00e9commande et antenne de t\u00e9l\u00e9vision<\/p>\n<p><i>(poser des questions sur notre option satellite Zuku)<\/i><\/p>\n<p>Unit\u00e9 de contr\u00f4le de 192 Wh avec batterie \u00e0 charge rapide et longue dur\u00e9e<\/p>\n<p>2 lampes tubulaires int\u00e9rieures brillantes (600 lm chacune)<\/p>\n<p>1 tube lumineux de s\u00e9curit\u00e9 lumineux (300 lm)<\/p>\n<p>C\u00e2ble de chargement 3-en-1<\/p>\n<p>Panneau solaire 56 W<\/p>\n<p>2,5 ans de garantie<\/p>","protected":false},"featured_media":3783,"template":"","meta":{"site-sidebar-layout":"default","site-content-layout":"","ast-site-content-layout":"default","site-content-style":"default","site-sidebar-style":"default","ast-global-header-display":"","ast-banner-title-visibility":"","ast-main-header-display":"","ast-hfb-above-header-display":"","ast-hfb-below-header-display":"","ast-hfb-mobile-header-display":"","site-post-title":"","ast-breadcrumbs-content":"","ast-featured-img":"","footer-sml-layout":"","theme-transparent-header-meta":"default","adv-header-id-meta":"","stick-header-meta":"","header-above-stick-meta":"","header-main-stick-meta":"","header-below-stick-meta":"","astra-migrate-meta-layouts":"set","ast-page-background-enabled":"default","ast-page-background-meta":{"desktop":{"background-color":"var(--ast-global-color-5)","background-image":"","background-repeat":"repeat","background-position":"center center","background-size":"auto","background-attachment":"scroll","background-type":"","background-media":"","overlay-type":"","overlay-color":"","overlay-opacity":"","overlay-gradient":""},"tablet":{"background-color":"","background-image":"","background-repeat":"repeat","background-position":"center center","background-size":"auto","background-attachment":"scroll","background-type":"","background-media":"","overlay-type":"","overlay-color":"","overlay-opacity":"","overlay-gradient":""},"mobile":{"background-color":"","background-image":"","background-repeat":"repeat","background-position":"center center","background-size":"auto","background-attachment":"scroll","background-type":"","background-media":"","overlay-type":"","overlay-color":"","overlay-opacity":"","overlay-gradient":""}},"ast-content-background-meta":{"desktop":{"background-color":"var(--ast-global-color-4)","background-image":"","background-repeat":"repeat","background-position":"center center","background-size":"auto","background-attachment":"scroll","background-type":"","background-media":"","overlay-type":"","overlay-color":"","overlay-opacity":"","overlay-gradient":""},"tablet":{"background-color":"var(--ast-global-color-4)","background-image":"","background-repeat":"repeat","background-position":"center center","background-size":"auto","background-attachment":"scroll","background-type":"","background-media":"","overlay-type":"","overlay-color":"","overlay-opacity":"","overlay-gradient":""},"mobile":{"background-color":"var(--ast-global-color-4)","background-image":"","background-repeat":"repeat","background-position":"center center","background-size":"auto","background-attachment":"scroll","background-type":"","background-media":"","overlay-type":"","overlay-color":"","overlay-opacity":"","overlay-gradient":""}}},"product_brand":[],"product_cat":[21],"product_tag":[22],"class_list":{"0":"post-3776","1":"product","2":"type-product","3":"status-publish","4":"has-post-thumbnail","6":"product_cat-uncategorized","7":"product_tag-kenya","8":"desktop-align-left","9":"tablet-align-left","10":"mobile-align-left","12":"first","13":"instock","14":"shipping-taxable","15":"product-type-simple"},"_links":{"self":[{"href":"https:\/\/solarpanda.com\/fr\/wp-json\/wp\/v2\/product\/3776","targetHints":{"allow":["GET"]}}],"collection":[{"href":"https:\/\/solarpanda.com\/fr\/wp-json\/wp\/v2\/product"}],"about":[{"href":"https:\/\/solarpanda.com\/fr\/wp-json\/wp\/v2\/types\/product"}],"wp:featuredmedia":[{"embeddable":true,"href":"https:\/\/solarpanda.com\/fr\/wp-json\/wp\/v2\/media\/3783"}],"wp:attachment":[{"href":"https:\/\/solarpanda.com\/fr\/wp-json\/wp\/v2\/media?parent=3776"}],"wp:term":[{"taxonomy":"product_brand","embeddable":true,"href":"https:\/\/solarpanda.com\/fr\/wp-json\/wp\/v2\/product_brand?post=3776"},{"taxonomy":"product_cat","embeddable":true,"href":"https:\/\/solarpanda.com\/fr\/wp-json\/wp\/v2\/product_cat?post=3776"},{"taxonomy":"product_tag","embeddable":true,"href":"https:\/\/solarpanda.com\/fr\/wp-json\/wp\/v2\/product_tag?post=3776"}],"curies":[{"name":"wp","href":"https:\/\/api.w.org\/{rel}","templated":true}]}}