{"id":3774,"date":"2026-04-24T18:21:40","date_gmt":"2026-04-24T22:21:40","guid":{"rendered":"https:\/\/solarpanda.com\/?post_type=product&#038;p=3774"},"modified":"2026-04-29T12:59:10","modified_gmt":"2026-04-29T16:59:10","slug":"panda-solaire-43-tv-384","status":"publish","type":"product","link":"https:\/\/solarpanda.com\/fr\/produit\/panda-solaire-43-tv-384\/","title":{"rendered":"T\u00e9l\u00e9viseur Solar Panda 43\u201d 384+"},"content":{"rendered":"","protected":false},"excerpt":{"rendered":"<p><b><i>La meilleure exp\u00e9rience TV \u00e0 domicile avec la plus longue autonomie de batterie, des lumi\u00e8res et plus encore !<\/i><\/b><\/p>\n<p>T\u00e9l\u00e9viseur haute d\u00e9finition de 43 pouces avec t\u00e9l\u00e9commande et antenne de t\u00e9l\u00e9vision<\/p>\n<p><i>(poser des questions sur notre option satellite Zuku)<\/i><\/p>\n<p>Unit\u00e9 de contr\u00f4le de 384 Wh avec charge rapide et batterie longue dur\u00e9e<\/p>\n<p>4 lampes tubulaires d'int\u00e9rieur brillantes (600 lm chacune)<\/p>\n<p>1 tube lumineux de s\u00e9curit\u00e9 lumineux (300 lm)<\/p>\n<p>Radio haut de gamme avec double haut-parleur, radio FM, Bluetooth, MicroSD, entr\u00e9es USB<\/p>\n<p>Lampe de poche puissante (80 lm)<\/p>\n<p>C\u00e2ble de chargement 3-en-1<\/p>\n<p>Panneau solaire 80 W<\/p>\n<p>Garantie 3 ans<\/p>","protected":false},"featured_media":3784,"template":"","meta":{"site-sidebar-layout":"default","site-content-layout":"","ast-site-content-layout":"default","site-content-style":"default","site-sidebar-style":"default","ast-global-header-display":"","ast-banner-title-visibility":"","ast-main-header-display":"","ast-hfb-above-header-display":"","ast-hfb-below-header-display":"","ast-hfb-mobile-header-display":"","site-post-title":"","ast-breadcrumbs-content":"","ast-featured-img":"","footer-sml-layout":"","theme-transparent-header-meta":"default","adv-header-id-meta":"","stick-header-meta":"","header-above-stick-meta":"","header-main-stick-meta":"","header-below-stick-meta":"","astra-migrate-meta-layouts":"set","ast-page-background-enabled":"default","ast-page-background-meta":{"desktop":{"background-color":"var(--ast-global-color-5)","background-image":"","background-repeat":"repeat","background-position":"center center","background-size":"auto","background-attachment":"scroll","background-type":"","background-media":"","overlay-type":"","overlay-color":"","overlay-opacity":"","overlay-gradient":""},"tablet":{"background-color":"","background-image":"","background-repeat":"repeat","background-position":"center center","background-size":"auto","background-attachment":"scroll","background-type":"","background-media":"","overlay-type":"","overlay-color":"","overlay-opacity":"","overlay-gradient":""},"mobile":{"background-color":"","background-image":"","background-repeat":"repeat","background-position":"center center","background-size":"auto","background-attachment":"scroll","background-type":"","background-media":"","overlay-type":"","overlay-color":"","overlay-opacity":"","overlay-gradient":""}},"ast-content-background-meta":{"desktop":{"background-color":"var(--ast-global-color-4)","background-image":"","background-repeat":"repeat","background-position":"center center","background-size":"auto","background-attachment":"scroll","background-type":"","background-media":"","overlay-type":"","overlay-color":"","overlay-opacity":"","overlay-gradient":""},"tablet":{"background-color":"var(--ast-global-color-4)","background-image":"","background-repeat":"repeat","background-position":"center center","background-size":"auto","background-attachment":"scroll","background-type":"","background-media":"","overlay-type":"","overlay-color":"","overlay-opacity":"","overlay-gradient":""},"mobile":{"background-color":"var(--ast-global-color-4)","background-image":"","background-repeat":"repeat","background-position":"center center","background-size":"auto","background-attachment":"scroll","background-type":"","background-media":"","overlay-type":"","overlay-color":"","overlay-opacity":"","overlay-gradient":""}}},"product_brand":[],"product_cat":[21],"product_tag":[22],"class_list":{"0":"post-3774","1":"product","2":"type-product","3":"status-publish","4":"has-post-thumbnail","6":"product_cat-uncategorized","7":"product_tag-kenya","8":"desktop-align-left","9":"tablet-align-left","10":"mobile-align-left","12":"first","13":"instock","14":"shipping-taxable","15":"product-type-simple"},"_links":{"self":[{"href":"https:\/\/solarpanda.com\/fr\/wp-json\/wp\/v2\/product\/3774","targetHints":{"allow":["GET"]}}],"collection":[{"href":"https:\/\/solarpanda.com\/fr\/wp-json\/wp\/v2\/product"}],"about":[{"href":"https:\/\/solarpanda.com\/fr\/wp-json\/wp\/v2\/types\/product"}],"wp:featuredmedia":[{"embeddable":true,"href":"https:\/\/solarpanda.com\/fr\/wp-json\/wp\/v2\/media\/3784"}],"wp:attachment":[{"href":"https:\/\/solarpanda.com\/fr\/wp-json\/wp\/v2\/media?parent=3774"}],"wp:term":[{"taxonomy":"product_brand","embeddable":true,"href":"https:\/\/solarpanda.com\/fr\/wp-json\/wp\/v2\/product_brand?post=3774"},{"taxonomy":"product_cat","embeddable":true,"href":"https:\/\/solarpanda.com\/fr\/wp-json\/wp\/v2\/product_cat?post=3774"},{"taxonomy":"product_tag","embeddable":true,"href":"https:\/\/solarpanda.com\/fr\/wp-json\/wp\/v2\/product_tag?post=3774"}],"curies":[{"name":"wp","href":"https:\/\/api.w.org\/{rel}","templated":true}]}}