{"id":89,"date":"2025-05-22T08:32:37","date_gmt":"2025-05-22T12:32:37","guid":{"rendered":"https:\/\/solarpanda.com\/?page_id=89"},"modified":"2025-10-01T19:48:24","modified_gmt":"2025-10-01T23:48:24","slug":"pourquoi-nous-existons","status":"publish","type":"page","link":"https:\/\/solarpanda.com\/fr\/pourquoi-nous-existons\/","title":{"rendered":"Pourquoi nous existons"},"content":{"rendered":"<h1>\n\t\t\tPourquoi nous existons\t<\/h1>\n\t<p>\u00c0 la t\u00eate de la r\u00e9volution de l'\u00e9nergie solaire abordable<\/p>\n\t\t\t\t<img decoding=\"async\" src=\"https:\/\/solarpanda.com\/wp-content\/uploads\/2025\/06\/wic2.png\" alt=\"Des centaines de $ \u00e0 \u00e9conomiser\" itemprop=\"image\" height=\"80\" width=\"80\" title=\"wic2\" onerror=\"this.style.display='none'\" loading=\"lazy\" \/>\n<h2>\n\t\t\tDes centaines de $ \u00e0 \u00e9conomiser\t<\/h2>\n\t<p>$300 \u00e0 $1 000 d'\u00e9conomies pour chaque m\u00e9nage sur 4 ans en \u00e9liminant le besoin de k\u00e9ros\u00e8ne et les frais de recharge des t\u00e9l\u00e9phones portables.<\/p>\n\t\t\t\t<img decoding=\"async\" src=\"https:\/\/solarpanda.com\/wp-content\/uploads\/2025\/06\/wic1.png\" alt=\"Des centaines de milliers de familles\" itemprop=\"image\" height=\"80\" width=\"80\" onerror=\"this.style.display='none'\" loading=\"lazy\" \/>\n<h2>\n\t\t\tDes centaines de milliers de familles\t<\/h2>\n\t<p>Chaque jour, de plus en plus de familles profitent de lumi\u00e8res s\u00fbres pour travailler et jouer, suivent l'actualit\u00e9 sur leur radio rechargeable et encouragent leur \u00e9quipe de football pr\u00e9f\u00e9r\u00e9e \u00e0 la t\u00e9l\u00e9vision.<\/p>\n\t\t\t\t<img decoding=\"async\" src=\"https:\/\/solarpanda.com\/wp-content\/uploads\/2025\/06\/wic3.png\" alt=\"Des familles en meilleure sant\u00e9\" itemprop=\"image\" height=\"80\" width=\"80\" title=\"wic3\" onerror=\"this.style.display='none'\" loading=\"lazy\" \/>\n<h2>\n\t\t\tDes familles en meilleure sant\u00e9\t<\/h2>\n<p>Selon la Banque mondiale, s'\u00e9clairer au k\u00e9ros\u00e8ne \u00e9quivaut \u00e0 fumer deux paquets de cigarettes par jour. L'\u00e9limination du k\u00e9ros\u00e8ne profite \u00e0 tous, en particulier aux femmes et aux enfants qui passent plus de temps \u00e0 la maison.<\/p>\n\t\t\t\t<img decoding=\"async\" src=\"https:\/\/solarpanda.com\/wp-content\/uploads\/2025\/06\/wic4.png\" alt=\"Des centaines d&#039;emplois\" itemprop=\"image\" height=\"80\" width=\"80\" title=\"wic4\" onerror=\"this.style.display='none'\" loading=\"lazy\" \/>\n<h2>\n\t\t\tDes centaines d'emplois\t<\/h2>\n<p>Ont \u00e9t\u00e9 cr\u00e9\u00e9s par Solar Panda.<\/p>\n<h2>\n\t\t\tIl y a une meilleure fa\u00e7on de faire\t<\/h2>\n\t\t\t\t<img decoding=\"async\" src=\"https:\/\/solarpanda.com\/wp-content\/uploads\/2025\/06\/map.png\" alt=\"carte\" itemprop=\"image\" height=\"108\" width=\"100\" title=\"carte\" onerror=\"this.style.display='none'\" loading=\"lazy\" \/>\n\t<p>En Afrique subsaharienne, 60% des m\u00e9nages n'ont pas acc\u00e8s \u00e0 l'\u00e9lectricit\u00e9.<\/p>\n\t\t\t\t<img decoding=\"async\" src=\"https:\/\/solarpanda.com\/wp-content\/uploads\/2025\/06\/tower.png\" alt=\"tour\" itemprop=\"image\" height=\"125\" width=\"100\" title=\"tour\" onerror=\"this.style.display='none'\" loading=\"lazy\" \/>\n\t<p>Le raccordement au r\u00e9seau est co\u00fbteux et difficile \u00e0 installer dans les zones rurales.<\/p>\n\t\t\t\t<img decoding=\"async\" src=\"https:\/\/solarpanda.com\/wp-content\/uploads\/2025\/06\/lamp.png\" alt=\"lampe\" itemprop=\"image\" height=\"125\" width=\"100\" title=\"lampe\" onerror=\"this.style.display='none'\" loading=\"lazy\" \/>\n\t<p>Les familles sont oblig\u00e9es d'utiliser du k\u00e9ros\u00e8ne, co\u00fbteux et nocif, pour s'\u00e9clairer.<\/p>\n\t<h2>L'opportunit\u00e9<\/h2>\n<p>En Afrique subsaharienne, 60% des m\u00e9nages n'ont pas acc\u00e8s \u00e0 l'\u00e9lectricit\u00e9, soit plus de 600 millions de personnes. Le raccordement au r\u00e9seau est co\u00fbteux et difficile \u00e0 installer dans les zones rurales.<\/p>\n<h3>Les familles se tournent vers le k\u00e9ros\u00e8ne, avec des cons\u00e9quences n\u00e9fastes<\/h3>\n<ul>\n<li>Fum\u00e9es toxiques nocives pour les poumons<\/li>\n<li>Risque d'incendie<\/li>\n<li>Source de carburant co\u00fbteuse<\/li>\n<li>Un mauvais \u00e9clairage est nocif pour les yeux<\/li>\n<li>\u00c9missions de CO2 nuisibles \u00e0 l'environnement<\/li>\n<li>Impossible de recharger les t\u00e9l\u00e9phones ou autres appareils<\/li>\n<\/ul>\n\t\t\t\t<img decoding=\"async\" src=\"https:\/\/solarpanda.com\/wp-content\/uploads\/2025\/09\/DSC_7260-TV-on-back-of-motorbike-1536x1025.jpeg\" alt=\"panda solaire\" itemprop=\"image\" height=\"1025\" width=\"1536\" title=\"panda solaire\" onerror=\"this.style.display='none'\" loading=\"lazy\" \/>\n\t\t\t\t<img decoding=\"async\" src=\"https:\/\/solarpanda.com\/wp-content\/uploads\/2025\/07\/PG922188-V4-5Gb-installer-on-roof-1024x769.jpg\" alt=\"PG922188-V4-5Gb installateur sur le toit\" itemprop=\"image\" height=\"769\" width=\"1024\" title=\"PG922188-V4-5Gb installateur sur le toit\" onerror=\"this.style.display='none'\" loading=\"lazy\" \/>\n\t<h2>L'histoire du Solar Panda<\/h2>\n<p>L'acc\u00e8s \u00e0 l'\u00e9lectricit\u00e9 devrait \u00eatre un droit pour tous, partout. Gr\u00e2ce aux progr\u00e8s r\u00e9cents de la technologie solaire et \u00e0 l'adoption des t\u00e9l\u00e9phones portables et de l'argent mobile, l'acc\u00e8s \u00e0 une \u00e9nergie abordable, saine et propre est d\u00e9sormais possible.<\/p>\n<p>Pourtant, plus de 1,2 milliard de personnes dans le monde n'ont toujours pas acc\u00e8s \u00e0 l'\u00e9lectricit\u00e9. Cela a un impact sur la vie des personnes qui essaient d'\u00e9tudier, de travailler et de se divertir sans b\u00e9n\u00e9ficier de l'\u00e9lectricit\u00e9 et qui doivent subir les cons\u00e9quences sanitaires du k\u00e9ros\u00e8ne toxique. Solar Panda a \u00e9t\u00e9 cr\u00e9\u00e9 en 2016 dans le but de transformer la vie des gens gr\u00e2ce \u00e0 l'acc\u00e8s \u00e0 l'\u00e9lectricit\u00e9.<\/p>\n<p>Solar Panda s'est donn\u00e9 pour mission de permettre \u00e0 chaque foyer d'acc\u00e9der \u00e0 l'\u00e9nergie solaire - pour \u00e9clairer sa maison, am\u00e9liorer sa sant\u00e9, recharger son t\u00e9l\u00e9phone portable et ouvrir une fen\u00eatre sur le monde gr\u00e2ce \u00e0 la radio et \u00e0 la t\u00e9l\u00e9vision.<\/p>\n<p>L'acc\u00e8s \u00e0 l'\u00e9lectricit\u00e9 est un investissement dans les personnes qui transforme des vies. Nous remercions tous ceux qui ont cru en notre histoire jusqu'\u00e0 pr\u00e9sent et nous nous r\u00e9jouissons de notre croissance et de notre impact futurs.<\/p>\n<h2>\n\t\t\tNotre impact\t<\/h2>\n\t\t\t\t<img decoding=\"async\" src=\"https:\/\/solarpanda.com\/wp-content\/uploads\/2025\/06\/i1.jpg\" alt=\"Informations\" itemprop=\"image\" height=\"71\" width=\"83\" title=\"i1\" onerror=\"this.style.display='none'\" loading=\"lazy\" \/>\n\t<h3>Informations<\/h3>\n<p>Fournir un acc\u00e8s au monde par le biais de la radio, de la t\u00e9l\u00e9vision et de la recharge mobile<\/p>\n\t\t\t\t<img decoding=\"async\" src=\"https:\/\/solarpanda.com\/wp-content\/uploads\/2025\/06\/i3.jpg\" alt=\"\u00c9pargne\" itemprop=\"image\" height=\"71\" width=\"83\" title=\"i3\" onerror=\"this.style.display='none'\" loading=\"lazy\" \/>\n\t<h3>\u00c9pargne<\/h3>\n<p>\u00c9conomiser de l'argent et utiliser les \u00e9conomies r\u00e9alis\u00e9es pour r\u00e9pondre \u00e0 d'autres besoins essentiels tels que l'alimentation, les soins de sant\u00e9 et l'\u00e9ducation.<\/p>\n\t\t\t\t<img decoding=\"async\" src=\"https:\/\/solarpanda.com\/wp-content\/uploads\/2025\/06\/i5.jpg\" alt=\"L&#039;\u00e9ducation\" itemprop=\"image\" height=\"71\" width=\"83\" title=\"i5\" onerror=\"this.style.display='none'\" loading=\"lazy\" \/>\n\t<h3>L'\u00e9ducation<\/h3>\n<p>Donner aux enfants une lumi\u00e8re claire et s\u00fbre pour faire leurs devoirs<\/p>\n\t\t\t\t<img decoding=\"async\" src=\"https:\/\/solarpanda.com\/wp-content\/uploads\/2025\/06\/i7.jpg\" alt=\"Sant\u00e9\" itemprop=\"image\" height=\"71\" width=\"83\" title=\"i7\" onerror=\"this.style.display='none'\" loading=\"lazy\" \/>\n\t<h3>Sant\u00e9<\/h3>\n<p>\u00c9liminer les risques d'incendie et les toxines des m\u00e9nages et de l'environnement<\/p>\n\t\t\t\t<img decoding=\"async\" src=\"https:\/\/solarpanda.com\/wp-content\/uploads\/2025\/06\/i2.jpg\" alt=\"S\u00e9curit\u00e9\" itemprop=\"image\" height=\"71\" width=\"83\" title=\"i2\" onerror=\"this.style.display='none'\" loading=\"lazy\" \/>\n\t<h3>S\u00e9curit\u00e9<\/h3>\n<p>Am\u00e9liorer la s\u00e9curit\u00e9 des habitations, des exploitations agricoles et des entreprises gr\u00e2ce \u00e0 l'\u00e9clairage ext\u00e9rieur<\/p>\n\t\t\t\t<img decoding=\"async\" src=\"https:\/\/solarpanda.com\/wp-content\/uploads\/2025\/06\/i4.jpg\" alt=\"Emplois\" itemprop=\"image\" height=\"71\" width=\"83\" title=\"i4\" onerror=\"this.style.display='none'\" loading=\"lazy\" \/>\n\t<h3>Emplois<\/h3>\n<p>Offrir des possibilit\u00e9s d'emploi aux communaut\u00e9s rurales<\/p>\n\t\t\t\t<img decoding=\"async\" src=\"https:\/\/solarpanda.com\/wp-content\/uploads\/2025\/06\/i6.jpg\" alt=\"Finances\" itemprop=\"image\" height=\"71\" width=\"83\" title=\"i6\" onerror=\"this.style.display='none'\" loading=\"lazy\" \/>\n\t<h3>Finances<\/h3>\n<p>Constituer un historique de cr\u00e9dit pour des achats futurs<\/p>\n\t<p><a href=\"\/fr\/politiques-dimpact\/\">Voir nos politiques d'impact &gt;&gt;<\/a><\/p>\n\t\t\t\t<img decoding=\"async\" src=\"https:\/\/solarpanda.com\/wp-content\/uploads\/2025\/06\/webext3.jpg\" alt=\"webext3\" itemprop=\"image\" height=\"887\" width=\"729\" title=\"webext3\" onerror=\"this.style.display='none'\" loading=\"lazy\" \/>","protected":false},"excerpt":{"rendered":"<p>Why We Exist Leading the affordable solar energy revolution Hundreds of $ in savings $300 to $1,000 in savings for each household over 4 years by eliminating the need for kerosene and mobile charging expenses. Hundreds of Thousands of Families Every day more and more families enjoy safe bright lights for their work and play, [&hellip;]<\/p>\n","protected":false},"author":2,"featured_media":0,"parent":0,"menu_order":27,"comment_status":"closed","ping_status":"closed","template":"","meta":{"site-sidebar-layout":"no-sidebar","site-content-layout":"","ast-site-content-layout":"full-width-container","site-content-style":"default","site-sidebar-style":"default","ast-global-header-display":"","ast-banner-title-visibility":"","ast-main-header-display":"","ast-hfb-above-header-display":"","ast-hfb-below-header-display":"","ast-hfb-mobile-header-display":"","site-post-title":"disabled","ast-breadcrumbs-content":"","ast-featured-img":"","footer-sml-layout":"","theme-transparent-header-meta":"","adv-header-id-meta":"","stick-header-meta":"","header-above-stick-meta":"","header-main-stick-meta":"","header-below-stick-meta":"","astra-migrate-meta-layouts":"default","ast-page-background-enabled":"default","ast-page-background-meta":{"desktop":{"background-color":"var(--ast-global-color-5)","background-image":"","background-repeat":"repeat","background-position":"center center","background-size":"auto","background-attachment":"scroll","background-type":"","background-media":"","overlay-type":"","overlay-color":"","overlay-opacity":"","overlay-gradient":""},"tablet":{"background-color":"","background-image":"","background-repeat":"repeat","background-position":"center center","background-size":"auto","background-attachment":"scroll","background-type":"","background-media":"","overlay-type":"","overlay-color":"","overlay-opacity":"","overlay-gradient":""},"mobile":{"background-color":"","background-image":"","background-repeat":"repeat","background-position":"center center","background-size":"auto","background-attachment":"scroll","background-type":"","background-media":"","overlay-type":"","overlay-color":"","overlay-opacity":"","overlay-gradient":""}},"ast-content-background-meta":{"desktop":{"background-color":"var(--ast-global-color-4)","background-image":"","background-repeat":"repeat","background-position":"center center","background-size":"auto","background-attachment":"scroll","background-type":"","background-media":"","overlay-type":"","overlay-color":"","overlay-opacity":"","overlay-gradient":""},"tablet":{"background-color":"var(--ast-global-color-4)","background-image":"","background-repeat":"repeat","background-position":"center center","background-size":"auto","background-attachment":"scroll","background-type":"","background-media":"","overlay-type":"","overlay-color":"","overlay-opacity":"","overlay-gradient":""},"mobile":{"background-color":"var(--ast-global-color-4)","background-image":"","background-repeat":"repeat","background-position":"center center","background-size":"auto","background-attachment":"scroll","background-type":"","background-media":"","overlay-type":"","overlay-color":"","overlay-opacity":"","overlay-gradient":""}},"footnotes":""},"class_list":["post-89","page","type-page","status-publish","hentry"],"_links":{"self":[{"href":"https:\/\/solarpanda.com\/fr\/wp-json\/wp\/v2\/pages\/89","targetHints":{"allow":["GET"]}}],"collection":[{"href":"https:\/\/solarpanda.com\/fr\/wp-json\/wp\/v2\/pages"}],"about":[{"href":"https:\/\/solarpanda.com\/fr\/wp-json\/wp\/v2\/types\/page"}],"author":[{"embeddable":true,"href":"https:\/\/solarpanda.com\/fr\/wp-json\/wp\/v2\/users\/2"}],"replies":[{"embeddable":true,"href":"https:\/\/solarpanda.com\/fr\/wp-json\/wp\/v2\/comments?post=89"}],"version-history":[{"count":114,"href":"https:\/\/solarpanda.com\/fr\/wp-json\/wp\/v2\/pages\/89\/revisions"}],"predecessor-version":[{"id":3312,"href":"https:\/\/solarpanda.com\/fr\/wp-json\/wp\/v2\/pages\/89\/revisions\/3312"}],"wp:attachment":[{"href":"https:\/\/solarpanda.com\/fr\/wp-json\/wp\/v2\/media?parent=89"}],"curies":[{"name":"wp","href":"https:\/\/api.w.org\/{rel}","templated":true}]}}