{"id":684,"date":"2025-06-02T09:43:09","date_gmt":"2025-06-02T13:43:09","guid":{"rendered":"https:\/\/solarpanda.com\/careers-2\/"},"modified":"2026-01-30T23:05:31","modified_gmt":"2026-01-31T04:05:31","slug":"carrieres","status":"publish","type":"page","link":"https:\/\/solarpanda.com\/fr\/carrieres\/","title":{"rendered":"Carri\u00e8res"},"content":{"rendered":"<h1>\n\t\t\tCarri\u00e8res\t<\/h1>\n\t<div class=\"job_listings\" data-location=\"\" data-keywords=\"\" data-show_filters=\"true\" data-show_pagination=\"false\" data-per_page=\"15\" data-orderby=\"featured\" data-order=\"DESC\" data-categories=\"\" data-disable-form-state-storage=\"\" data-featured_first=\"false\" data-post_id=\"684\" >\n<form class=\"job_filters\" action=\"\">\n\t\n\t<div class=\"search_jobs\">\n\t\t\n\t\t<div class=\"search_keywords\">\n\t\t\t<label for=\"search_keywords\">Mots-cl\u00e9s<\/label>\n\t\t\t<input type=\"text\" name=\"search_keywords\" id=\"search_keywords\" placeholder=\"Mots-cl\u00e9s\" value=\"\" \/>\n\t\t<\/div>\n\n\t\t<div class=\"search_location\">\n\t\t\t<label for=\"search_location\">Localisation<\/label>\n\t\t\t<input type=\"text\" name=\"search_location\" id=\"search_location\" placeholder=\"Localisation\" value=\"\" \/>\n\t\t<\/div>\n\n\t\t\n\t\t<div style=\"clear: both\"><\/div>\n\n\t\t\n\t\t\t\t\t<div class=\"search_submit\">\n\t\t\t\t<input type=\"submit\" value=\"Rechercher des offres d&#039;emploi\">\n\t\t\t<\/div>\n\t\t\n\t\t\t<\/div>\n\n\t\t<ul class=\"job_types\">\n\t\t\t<\/ul>\n\t<input type=\"hidden\" name=\"filter_job_type[]\" value=\"\" \/>\n<div class=\"showing_jobs\"><\/div><input type=\"hidden\" name=\"trp-form-language\" value=\"fr\"\/><\/form>\n\n\n<noscript>Votre navigateur ne supporte pas JavaScript, ou bien JavaScript est d\u00e9sactiv\u00e9. JavaScript doit \u00eatre activ\u00e9 pour pouvoir visualiser des postes.<\/noscript>\n<ul class=\"job_listings\">\n<\/ul>\n<a class=\"load_more_jobs\" href=\"#\" style=\"display:none;\"><strong>Afficher plus d'offres<\/strong><\/a><\/div>\n<h2>\n\t\t\tPhilosophie de l'\u00e9quipe\t<\/h2>\n\t\t\t\t<img decoding=\"async\" src=\"https:\/\/solarpanda.com\/wp-content\/uploads\/2025\/05\/people-power.png\" alt=\"Le pouvoir du peuple\" itemprop=\"image\" height=\"85\" width=\"108\" title=\"le pouvoir du peuple\" onerror=\"this.style.display='none'\" loading=\"lazy\" \/>\n\t\tLe pouvoir du peuple\n\t<p>Le soleil alimente nos syst\u00e8mes solaires domestiques. Nos collaborateurs alimentent Solar Panda.<\/p>\n\t\t\t\t<img decoding=\"async\" src=\"https:\/\/solarpanda.com\/wp-content\/uploads\/2025\/05\/customer-centric.png\" alt=\"Centr\u00e9 sur le client\" itemprop=\"image\" height=\"85\" width=\"108\" title=\"centr\u00e9 sur le client\" onerror=\"this.style.display='none'\" loading=\"lazy\" \/>\n\t\tCentr\u00e9 sur le client\n\t<p>Chaque d\u00e9cision que nous prenons et chaque action que nous entreprenons visent \u00e0 impressionner notre patron, le client.<\/p>\n\t\t\t\t<img decoding=\"async\" src=\"https:\/\/solarpanda.com\/wp-content\/uploads\/2025\/05\/integrity-first.png\" alt=\"L&#039;int\u00e9grit\u00e9 d&#039;abord\" itemprop=\"image\" height=\"85\" width=\"108\" title=\"l&#039;int\u00e9grit\u00e9 d&#039;abord\" onerror=\"this.style.display='none'\" loading=\"lazy\" \/>\n\t\tL'int\u00e9grit\u00e9 d'abord\n\t<p>Nous agissons avec honn\u00eatet\u00e9 et transparence dans tout ce que nous faisons.  Nous faisons ce qu'il faut quand personne ne nous regarde.<\/p>\n\t\t\t\t<img decoding=\"async\" src=\"https:\/\/solarpanda.com\/wp-content\/uploads\/2025\/05\/inclusive.png\" alt=\"Inclusif\" itemprop=\"image\" height=\"85\" width=\"108\" title=\"inclusif\" onerror=\"this.style.display='none'\" loading=\"lazy\" \/>\n\t\tInclusif\n\t<p>Nous accueillons des personnes de toutes races, religions, origines nationales et handicaps.  Nous r\u00e9compensons les performances en fonction de l'attitude et de la qualit\u00e9 du travail.<\/p>","protected":false},"excerpt":{"rendered":"<p>Careers Team Philosophy People Power The sun powers our home solar systems. Our people power Solar Panda. Customer Centric Every decision we make and action we take is to impress our boss, the customer. Integrity First We act with honesty and transparency in all we do.\u00a0 We do the right thing when no one is [&hellip;]<\/p>\n","protected":false},"author":1,"featured_media":0,"parent":0,"menu_order":21,"comment_status":"closed","ping_status":"closed","template":"","meta":{"site-sidebar-layout":"no-sidebar","site-content-layout":"","ast-site-content-layout":"full-width-container","site-content-style":"default","site-sidebar-style":"default","ast-global-header-display":"","ast-banner-title-visibility":"","ast-main-header-display":"","ast-hfb-above-header-display":"","ast-hfb-below-header-display":"","ast-hfb-mobile-header-display":"","site-post-title":"disabled","ast-breadcrumbs-content":"","ast-featured-img":"","footer-sml-layout":"","theme-transparent-header-meta":"","adv-header-id-meta":"","stick-header-meta":"","header-above-stick-meta":"","header-main-stick-meta":"","header-below-stick-meta":"","astra-migrate-meta-layouts":"default","ast-page-background-enabled":"default","ast-page-background-meta":{"desktop":{"background-color":"var(--ast-global-color-5)","background-image":"","background-repeat":"repeat","background-position":"center center","background-size":"auto","background-attachment":"scroll","background-type":"","background-media":"","overlay-type":"","overlay-color":"","overlay-opacity":"","overlay-gradient":""},"tablet":{"background-color":"","background-image":"","background-repeat":"repeat","background-position":"center center","background-size":"auto","background-attachment":"scroll","background-type":"","background-media":"","overlay-type":"","overlay-color":"","overlay-opacity":"","overlay-gradient":""},"mobile":{"background-color":"","background-image":"","background-repeat":"repeat","background-position":"center center","background-size":"auto","background-attachment":"scroll","background-type":"","background-media":"","overlay-type":"","overlay-color":"","overlay-opacity":"","overlay-gradient":""}},"ast-content-background-meta":{"desktop":{"background-color":"var(--ast-global-color-4)","background-image":"","background-repeat":"repeat","background-position":"center center","background-size":"auto","background-attachment":"scroll","background-type":"","background-media":"","overlay-type":"","overlay-color":"","overlay-opacity":"","overlay-gradient":""},"tablet":{"background-color":"var(--ast-global-color-4)","background-image":"","background-repeat":"repeat","background-position":"center center","background-size":"auto","background-attachment":"scroll","background-type":"","background-media":"","overlay-type":"","overlay-color":"","overlay-opacity":"","overlay-gradient":""},"mobile":{"background-color":"var(--ast-global-color-4)","background-image":"","background-repeat":"repeat","background-position":"center center","background-size":"auto","background-attachment":"scroll","background-type":"","background-media":"","overlay-type":"","overlay-color":"","overlay-opacity":"","overlay-gradient":""}},"footnotes":""},"class_list":["post-684","page","type-page","status-publish","hentry"],"_links":{"self":[{"href":"https:\/\/solarpanda.com\/fr\/wp-json\/wp\/v2\/pages\/684","targetHints":{"allow":["GET"]}}],"collection":[{"href":"https:\/\/solarpanda.com\/fr\/wp-json\/wp\/v2\/pages"}],"about":[{"href":"https:\/\/solarpanda.com\/fr\/wp-json\/wp\/v2\/types\/page"}],"author":[{"embeddable":true,"href":"https:\/\/solarpanda.com\/fr\/wp-json\/wp\/v2\/users\/1"}],"replies":[{"embeddable":true,"href":"https:\/\/solarpanda.com\/fr\/wp-json\/wp\/v2\/comments?post=684"}],"version-history":[{"count":11,"href":"https:\/\/solarpanda.com\/fr\/wp-json\/wp\/v2\/pages\/684\/revisions"}],"predecessor-version":[{"id":3654,"href":"https:\/\/solarpanda.com\/fr\/wp-json\/wp\/v2\/pages\/684\/revisions\/3654"}],"wp:attachment":[{"href":"https:\/\/solarpanda.com\/fr\/wp-json\/wp\/v2\/media?parent=684"}],"curies":[{"name":"wp","href":"https:\/\/api.w.org\/{rel}","templated":true}]}}