{"id":181,"date":"2025-05-23T09:58:46","date_gmt":"2025-05-23T13:58:46","guid":{"rendered":"https:\/\/solarpanda.com\/?page_id=181"},"modified":"2025-12-17T19:23:59","modified_gmt":"2025-12-18T00:23:59","slug":"equipe","status":"publish","type":"page","link":"https:\/\/solarpanda.com\/fr\/equipe\/","title":{"rendered":"L'\u00e9quipe"},"content":{"rendered":"<h1>\n\t\t\tL'\u00e9quipe\t<\/h1>\n\t<p>Le pouvoir du peuple<\/p>\n<h2>\n\t\t\tVous \u00eates \u00e0 la recherche d'une carri\u00e8re passionnante chez Solar Panda ?\t<\/h2>\n\t<p>Nous sommes toujours \u00e0 la recherche de talents.  Voyons s'il y a une correspondance !<\/p>\n\t\t\t<a href=\"https:\/\/solarpanda.com\/fr\/carrieres\/\" target=\"_self\">\n\t\t\t\t\t\t\tCarri\u00e8res\n\t\t\t\t\t<\/a>\n<h2>\n\t\t\t\u00c9quipe de direction\t<\/h2>\n\t\t\t\t<img decoding=\"async\" src=\"https:\/\/solarpanda.com\/wp-content\/uploads\/2025\/09\/Andy-square-P1030715-300x300.jpeg\" alt=\"Andy square P1030715\" itemprop=\"image\" height=\"300\" width=\"300\" title=\"Andy square P1030715\" onerror=\"this.style.display='none'\" loading=\"lazy\" \/>\n\t<p><strong>Andy<\/strong><\/p>\n\t<p>Directeur g\u00e9n\u00e9ral<\/p>\n\t\t\t\t<img decoding=\"async\" src=\"https:\/\/solarpanda.com\/wp-content\/uploads\/2025\/09\/Bio-pick-Antony-300x300.jpeg\" alt=\"Antony Makau\" itemprop=\"image\" height=\"300\" width=\"300\" title=\"Antony Makau\" onerror=\"this.style.display='none'\" loading=\"lazy\" \/>\n\t<p><strong>Antony<\/strong><\/p>\n\t<p>Directeur des op\u00e9rations de soutien, Kenya<\/p>\n\t\t\t\t<img decoding=\"async\" src=\"https:\/\/solarpanda.com\/wp-content\/uploads\/2025\/05\/Brett-300x300.jpg\" alt=\"COO\" itemprop=\"image\" height=\"300\" width=\"300\" title=\"Brett\" onerror=\"this.style.display='none'\" loading=\"lazy\" \/>\n\t<p><strong>Brett<\/strong><\/p>\n\t<p>Chef de l'exploitation<\/p>\n\t\t\t\t<img decoding=\"async\" src=\"https:\/\/solarpanda.com\/wp-content\/uploads\/2025\/09\/Bio-pic-Joel-300x300.jpeg\" alt=\"Bio pic Joel\" itemprop=\"image\" height=\"300\" width=\"300\" title=\"Bio pic Joel\" onerror=\"this.style.display='none'\" loading=\"lazy\" \/>\n\t<p><strong>Joel<\/strong><\/p>\n\t<p>Directeur de la technologie<\/p>\n\t\t\t\t<img decoding=\"async\" src=\"https:\/\/solarpanda.com\/wp-content\/uploads\/2025\/09\/Martin-Lemaire-square-300x300.jpeg\" alt=\"Carr\u00e9 Martin Lemaire\" itemprop=\"image\" height=\"300\" width=\"300\" title=\"Carr\u00e9 Martin Lemaire\" onerror=\"this.style.display='none'\" loading=\"lazy\" \/>\n\t<p><strong>Martin<\/strong><\/p>\n\t<p>Directeur g\u00e9n\u00e9ral, S\u00e9n\u00e9gal<\/p>\n\t\t\t\t<img decoding=\"async\" src=\"https:\/\/solarpanda.com\/wp-content\/uploads\/2025\/09\/Oli-cropped-IMG_4941.jpeg\" alt=\"Oli cropped IMG_4941\" itemprop=\"image\" height=\"2108\" width=\"2108\" title=\"Oli cropped IMG_4941\" onerror=\"this.style.display='none'\" loading=\"lazy\" \/>\n\t<p><strong>Oli<\/strong><\/p>\n\t<p>Directeur g\u00e9n\u00e9ral, Zambie<\/p>\n\t\t\t\t<img decoding=\"async\" src=\"https:\/\/solarpanda.com\/wp-content\/uploads\/2025\/09\/Philippe-Benin-IMG_9920.jpg\" alt=\"Philippe Benin IMG_9920\" itemprop=\"image\" height=\"1670\" width=\"1670\" title=\"Philippe Benin IMG_9920\" onerror=\"this.style.display='none'\" loading=\"lazy\" \/>\n\t<p><strong>Philippe<\/strong><\/p>\n\t<p>Directeur g\u00e9n\u00e9ral, B\u00e9nin<\/p>\n\t\t\t\t<img decoding=\"async\" src=\"https:\/\/solarpanda.com\/wp-content\/uploads\/2025\/09\/Bio-pic-Prue-300x300.jpeg\" alt=\"Bio pic Prue\" itemprop=\"image\" height=\"300\" width=\"300\" title=\"Bio pic Prue\" onerror=\"this.style.display='none'\" loading=\"lazy\" \/>\n\t<p><strong>Prue<\/strong><\/p>\n\t<p>Directeur des op\u00e9rations sur le terrain, Kenya<\/p>\n\t\t\t\t<img decoding=\"async\" src=\"https:\/\/solarpanda.com\/wp-content\/uploads\/2025\/05\/Sam-Leung.jpg\" alt=\"DIRECTEUR FINANCIER\" itemprop=\"image\" height=\"2166\" width=\"2166\" title=\"Sam-Leung\" onerror=\"this.style.display='none'\" loading=\"lazy\" \/>\n\t<p><strong>Sam<\/strong><\/p>\n\t<p>Directeur financier<\/p>","protected":false},"excerpt":{"rendered":"<p>Team People power Looking for an exciting career with Solar Panda? We are always on the lookout for talent.\u00a0 Let&#8217;s see if there is a fit! Careers Management Team Andy Chief Executive Officer Antony Director, Support Operations, Kenya Brett Chief Operating Officer Joel Chief Technology Officer Martin Managing Director, Senegal Oli Managing Director, Zambia Philippe [&hellip;]<\/p>\n","protected":false},"author":2,"featured_media":0,"parent":0,"menu_order":28,"comment_status":"closed","ping_status":"closed","template":"","meta":{"site-sidebar-layout":"no-sidebar","site-content-layout":"","ast-site-content-layout":"full-width-container","site-content-style":"default","site-sidebar-style":"default","ast-global-header-display":"","ast-banner-title-visibility":"","ast-main-header-display":"","ast-hfb-above-header-display":"","ast-hfb-below-header-display":"","ast-hfb-mobile-header-display":"","site-post-title":"disabled","ast-breadcrumbs-content":"","ast-featured-img":"","footer-sml-layout":"","theme-transparent-header-meta":"","adv-header-id-meta":"","stick-header-meta":"","header-above-stick-meta":"","header-main-stick-meta":"","header-below-stick-meta":"","astra-migrate-meta-layouts":"default","ast-page-background-enabled":"default","ast-page-background-meta":{"desktop":{"background-color":"var(--ast-global-color-5)","background-image":"","background-repeat":"repeat","background-position":"center center","background-size":"auto","background-attachment":"scroll","background-type":"","background-media":"","overlay-type":"","overlay-color":"","overlay-opacity":"","overlay-gradient":""},"tablet":{"background-color":"","background-image":"","background-repeat":"repeat","background-position":"center center","background-size":"auto","background-attachment":"scroll","background-type":"","background-media":"","overlay-type":"","overlay-color":"","overlay-opacity":"","overlay-gradient":""},"mobile":{"background-color":"","background-image":"","background-repeat":"repeat","background-position":"center center","background-size":"auto","background-attachment":"scroll","background-type":"","background-media":"","overlay-type":"","overlay-color":"","overlay-opacity":"","overlay-gradient":""}},"ast-content-background-meta":{"desktop":{"background-color":"var(--ast-global-color-4)","background-image":"","background-repeat":"repeat","background-position":"center center","background-size":"auto","background-attachment":"scroll","background-type":"","background-media":"","overlay-type":"","overlay-color":"","overlay-opacity":"","overlay-gradient":""},"tablet":{"background-color":"var(--ast-global-color-4)","background-image":"","background-repeat":"repeat","background-position":"center center","background-size":"auto","background-attachment":"scroll","background-type":"","background-media":"","overlay-type":"","overlay-color":"","overlay-opacity":"","overlay-gradient":""},"mobile":{"background-color":"var(--ast-global-color-4)","background-image":"","background-repeat":"repeat","background-position":"center center","background-size":"auto","background-attachment":"scroll","background-type":"","background-media":"","overlay-type":"","overlay-color":"","overlay-opacity":"","overlay-gradient":""}},"footnotes":""},"class_list":["post-181","page","type-page","status-publish","hentry"],"_links":{"self":[{"href":"https:\/\/solarpanda.com\/fr\/wp-json\/wp\/v2\/pages\/181","targetHints":{"allow":["GET"]}}],"collection":[{"href":"https:\/\/solarpanda.com\/fr\/wp-json\/wp\/v2\/pages"}],"about":[{"href":"https:\/\/solarpanda.com\/fr\/wp-json\/wp\/v2\/types\/page"}],"author":[{"embeddable":true,"href":"https:\/\/solarpanda.com\/fr\/wp-json\/wp\/v2\/users\/2"}],"replies":[{"embeddable":true,"href":"https:\/\/solarpanda.com\/fr\/wp-json\/wp\/v2\/comments?post=181"}],"version-history":[{"count":11,"href":"https:\/\/solarpanda.com\/fr\/wp-json\/wp\/v2\/pages\/181\/revisions"}],"predecessor-version":[{"id":3498,"href":"https:\/\/solarpanda.com\/fr\/wp-json\/wp\/v2\/pages\/181\/revisions\/3498"}],"wp:attachment":[{"href":"https:\/\/solarpanda.com\/fr\/wp-json\/wp\/v2\/media?parent=181"}],"curies":[{"name":"wp","href":"https:\/\/api.w.org\/{rel}","templated":true}]}}