{"id":1657,"date":"2025-07-29T09:04:03","date_gmt":"2025-07-29T13:04:03","guid":{"rendered":"https:\/\/solarpanda.com\/?page_id=1657"},"modified":"2025-07-29T09:04:03","modified_gmt":"2025-07-29T13:04:03","slug":"denonciateur","status":"publish","type":"page","link":"https:\/\/solarpanda.com\/fr\/denonciateur\/","title":{"rendered":"Lanceur d'alerte"},"content":{"rendered":"<p>Chez Solar Panda, nous sommes guid\u00e9s par un ensemble de valeurs fondamentales qui mettent l'accent sur l'honn\u00eatet\u00e9, l'int\u00e9grit\u00e9 et le respect dans tous les aspects de notre travail. Tous les employ\u00e9s et les repr\u00e9sentants ind\u00e9pendants associ\u00e9s sont tenus de mener leurs activit\u00e9s de mani\u00e8re \u00e9thique et de traiter chaque personne avec dignit\u00e9 et \u00e9quit\u00e9.<\/p>\n\t<p>Nous nous engageons \u00e0 respecter pleinement les lois, les politiques internes, les proc\u00e9dures et les lignes directrices applicables.  Nous nous engageons \u00e9galement \u00e0 respecter les normes de protection des consommateurs \u00e9nonc\u00e9es dans le code de protection des consommateurs du GOGLA (<a href=\"https:\/\/www.gogla.org\/consumer-protection\">www.gogla.org\/consumer-protection<\/a>). Pour s'assurer que ces normes de protection des consommateurs sont respect\u00e9es, Solar Panda proc\u00e8de \u00e0 une \u00e9valuation semestrielle de ses pratiques de protection des consommateurs en utilisant le cadre d'\u00e9valuation du GOGLA.  En outre, les attentes de Solar Panda en mati\u00e8re d'op\u00e9rations \u00e9thiques, s\u00fbres et respectueuses de l'environnement pour les fournisseurs et les vendeurs de Solar Panda sont expos\u00e9es dans notre document intitul\u00e9 <i>Code de conduite des fournisseurs<\/i>.<\/p>\n\t<p>Solar Panda est fier d'\u00eatre un employeur qui respecte l'\u00e9galit\u00e9 des chances. Nous nous engageons \u00e0 mettre en place un processus de recrutement et d'emploi exempt de toute discrimination et ax\u00e9 sur les qualifications et les comp\u00e9tences li\u00e9es \u00e0 l'emploi, ainsi que sur l'alignement avec nos valeurs fondamentales. Nous ne pratiquons aucune discrimination fond\u00e9e sur la race, l'ethnie, l'origine nationale, l'\u00e2ge, le sexe, l'orientation sexuelle, l'\u00e9tat civil, le handicap, les croyances, les convictions politiques, la religion ou l'\u00e9tat de sant\u00e9.<\/p>\n\t<p>Si vous souhaitez signaler un comportement qui viole les valeurs fondamentales, les politiques, les proc\u00e9dures ou les normes de Solar Panda, veuillez nous contacter en toute confidentialit\u00e9 \u00e0 l'adresse suivante <b>inconfidence@solarpanda.com<\/b>.<\/p>","protected":false},"excerpt":{"rendered":"<p>At Solar Panda, we are guided by a set of core values that emphasize honesty, integrity, and respect in every aspect of our work. All employees and associated independent representatives are expected to conduct business ethically and to treat every individual with dignity and fairness. We are committed to full compliance with applicable laws, internal [&hellip;]<\/p>\n","protected":false},"author":2,"featured_media":0,"parent":0,"menu_order":25,"comment_status":"closed","ping_status":"closed","template":"","meta":{"site-sidebar-layout":"default","site-content-layout":"","ast-site-content-layout":"default","site-content-style":"default","site-sidebar-style":"default","ast-global-header-display":"","ast-banner-title-visibility":"","ast-main-header-display":"","ast-hfb-above-header-display":"","ast-hfb-below-header-display":"","ast-hfb-mobile-header-display":"","site-post-title":"","ast-breadcrumbs-content":"","ast-featured-img":"","footer-sml-layout":"","theme-transparent-header-meta":"","adv-header-id-meta":"","stick-header-meta":"","header-above-stick-meta":"","header-main-stick-meta":"","header-below-stick-meta":"","astra-migrate-meta-layouts":"default","ast-page-background-enabled":"default","ast-page-background-meta":{"desktop":{"background-color":"var(--ast-global-color-5)","background-image":"","background-repeat":"repeat","background-position":"center center","background-size":"auto","background-attachment":"scroll","background-type":"","background-media":"","overlay-type":"","overlay-color":"","overlay-opacity":"","overlay-gradient":""},"tablet":{"background-color":"","background-image":"","background-repeat":"repeat","background-position":"center center","background-size":"auto","background-attachment":"scroll","background-type":"","background-media":"","overlay-type":"","overlay-color":"","overlay-opacity":"","overlay-gradient":""},"mobile":{"background-color":"","background-image":"","background-repeat":"repeat","background-position":"center center","background-size":"auto","background-attachment":"scroll","background-type":"","background-media":"","overlay-type":"","overlay-color":"","overlay-opacity":"","overlay-gradient":""}},"ast-content-background-meta":{"desktop":{"background-color":"var(--ast-global-color-4)","background-image":"","background-repeat":"repeat","background-position":"center center","background-size":"auto","background-attachment":"scroll","background-type":"","background-media":"","overlay-type":"","overlay-color":"","overlay-opacity":"","overlay-gradient":""},"tablet":{"background-color":"var(--ast-global-color-4)","background-image":"","background-repeat":"repeat","background-position":"center center","background-size":"auto","background-attachment":"scroll","background-type":"","background-media":"","overlay-type":"","overlay-color":"","overlay-opacity":"","overlay-gradient":""},"mobile":{"background-color":"var(--ast-global-color-4)","background-image":"","background-repeat":"repeat","background-position":"center center","background-size":"auto","background-attachment":"scroll","background-type":"","background-media":"","overlay-type":"","overlay-color":"","overlay-opacity":"","overlay-gradient":""}},"footnotes":""},"class_list":["post-1657","page","type-page","status-publish","hentry"],"_links":{"self":[{"href":"https:\/\/solarpanda.com\/fr\/wp-json\/wp\/v2\/pages\/1657","targetHints":{"allow":["GET"]}}],"collection":[{"href":"https:\/\/solarpanda.com\/fr\/wp-json\/wp\/v2\/pages"}],"about":[{"href":"https:\/\/solarpanda.com\/fr\/wp-json\/wp\/v2\/types\/page"}],"author":[{"embeddable":true,"href":"https:\/\/solarpanda.com\/fr\/wp-json\/wp\/v2\/users\/2"}],"replies":[{"embeddable":true,"href":"https:\/\/solarpanda.com\/fr\/wp-json\/wp\/v2\/comments?post=1657"}],"version-history":[{"count":2,"href":"https:\/\/solarpanda.com\/fr\/wp-json\/wp\/v2\/pages\/1657\/revisions"}],"predecessor-version":[{"id":1660,"href":"https:\/\/solarpanda.com\/fr\/wp-json\/wp\/v2\/pages\/1657\/revisions\/1660"}],"wp:attachment":[{"href":"https:\/\/solarpanda.com\/fr\/wp-json\/wp\/v2\/media?parent=1657"}],"curies":[{"name":"wp","href":"https:\/\/api.w.org\/{rel}","templated":true}]}}