{"id":12,"date":"2025-05-21T15:36:17","date_gmt":"2025-05-21T19:36:17","guid":{"rendered":"https:\/\/solarpanda.com\/?page_id=12"},"modified":"2026-03-23T18:49:08","modified_gmt":"2026-03-23T22:49:08","slug":"home","status":"publish","type":"page","link":"https:\/\/solarpanda.com\/fr\/","title":{"rendered":"Accueil"},"content":{"rendered":"<h1>\n\t\t\tL'\u00e9nergie solaire domestique \u00e0 faible co\u00fbt<br \/>Transformer des vies\t<\/h1>\n<h2>\n\t\t\tPourquoi Solar Panda ?\t<\/h2>\n<h3>\n\t\t\tQualit\u00e9 sup\u00e9rieure\t<\/h3>\n\tNous concevons et fabriquons nos produits pour qu'ils soient les meilleurs du march\u00e9.<br \/>\nNous voulons qu'ils fonctionnent bien et qu'ils durent de nombreuses ann\u00e9es.\n<h3>\n\t\t\tPr\u00eat \u00e0 la propri\u00e9t\u00e9\t<\/h3>\n\tNos plans de paiement abordables permettent de r\u00e9aliser des \u00e9conomies d\u00e8s maintenant.<br \/>\nLa propri\u00e9t\u00e9 permet de r\u00e9aliser des \u00e9conomies \u00e0 l'avenir.\n<h3>\n\t\t\tEn savoir plus\t<\/h3>\n\t<p>Les paiements rapides des clients permettent aux familles de r\u00e9aliser des \u00e9conomies suppl\u00e9mentaires et de d\u00e9bloquer des am\u00e9liorations futures.<\/p>\n<h3>\n\t\t\tMarque de confiance\t<\/h3>\n\t<p>Des centaines de milliers de familles font confiance aux produits et aux services de Solar Panda.<\/p>\n<h3>\n\t\t\tMeilleur service\t<\/h3>\n\t<p>Le service client\u00e8le est pr\u00eat \u00e0 vous aider.<\/p>\n<figure itemscope itemtype=\"https:\/\/schema.org\/ImageObject\">\n\t\t\t\t<img decoding=\"async\" src=\"https:\/\/solarpanda.com\/wp-content\/uploads\/2025\/05\/TV-Premium-2022-01-transparent-e1642878365840.png\" alt=\"TV Premium 32&quot; KE 2025-05\" height=\"435\" width=\"701\" title=\"TV-Premium-2022-01-transparent-e1642878365840\" onerror=\"this.style.display='none'\" loading=\"lazy\" \/>\n\t<\/figure>\n<h2>\n\t\t\tNos implantations en Afrique\t<\/h2>\n<figure itemscope itemtype=\"https:\/\/schema.org\/ImageObject\">\n\t\t\t\t<img decoding=\"async\" src=\"https:\/\/solarpanda.com\/wp-content\/uploads\/2025\/12\/benin_flag.png\" alt=\"drapeau_b\u00e9nin\" height=\"48\" width=\"64\" title=\"drapeau_b\u00e9nin\" onerror=\"this.style.display='none'\" loading=\"lazy\" \/>\n\t<\/figure>\n\t<p>B\u00e9nin\u00a0\u00a0<\/p>\n<figure itemscope itemtype=\"https:\/\/schema.org\/ImageObject\">\n\t\t\t\t<img decoding=\"async\" src=\"https:\/\/solarpanda.com\/wp-content\/uploads\/2025\/12\/kenya_flag.png\" alt=\"drapeau kenya\" height=\"48\" width=\"64\" title=\"drapeau kenya\" onerror=\"this.style.display='none'\" loading=\"lazy\" \/>\n\t<\/figure>\n\t<p>Kenya<\/p>\n<figure itemscope itemtype=\"https:\/\/schema.org\/ImageObject\">\n\t\t\t\t<img decoding=\"async\" src=\"https:\/\/solarpanda.com\/wp-content\/uploads\/2025\/12\/senegal_flag.png\" alt=\"drapeau senegal\" height=\"48\" width=\"64\" title=\"drapeau senegal\" onerror=\"this.style.display='none'\" loading=\"lazy\" \/>\n\t<\/figure>\n\t<p>S\u00e9n\u00e9gal<\/p>\n<figure itemscope itemtype=\"https:\/\/schema.org\/ImageObject\">\n\t\t\t\t<img decoding=\"async\" src=\"https:\/\/solarpanda.com\/wp-content\/uploads\/2025\/12\/zambia-flag.png\" alt=\"drapeau zambien\" height=\"48\" width=\"64\" title=\"drapeau zambien\" onerror=\"this.style.display='none'\" loading=\"lazy\" \/>\n\t<\/figure>\n\t<p>Zambie<\/p>\n<h2>\n\t\t\tComment nous proc\u00e9dons\t<\/h2>\n<!-- If both -->\n\t<ul>\n\t\t\t\t<li>\n\t\t\t\t\t\t<!--date-->\n\t\t\t\t<!--Timeline-customcontent-->\n\t\t\t\t\t<h1>\u00a0<\/h1>\n\t\t\t\t<!--\/.Timeline-customcontent-->\n\t\t\t<!--\/.date-->\n\t\t\t<!--icon-->\n\t\t\t\t\t\t<!--image-->\n\t\t\t\t\t<img decoding=\"async\" src=\"https:\/\/solarpanda.com\/wp-content\/uploads\/2025\/06\/number-one-round-icon-1.png\"\/>\n\t\t\t<!--\/.image-->\n\t\t\t<!--Timline-Content-->\n\t\t\t\t\t<!--Timline-Title-->\n\t\t\t\t\t<h3>\n\t\t\t\t\t\tPr\u00eat \u00e0 l'achat\t\t\t\t\t<\/h3>\n\t\t\t\t\t<!--\/.Timline-Title-->\n\t\t\t\t\t<!--Timline-description-->\n\t\t\t\t\t<p><img loading=\"lazy\" decoding=\"async\" src=\"https:\/\/solarpanda.com\/wp-content\/uploads\/2025\/06\/loan-purchase.png\" alt=\"\" width=\"220\" height=\"176\" \/>Verser un petit acompte pour l'achat d'un de nos produits solaires. Acheter aupr\u00e8s d'un agent de vente sympathique ou un shop \u00e0 proximit\u00e9.<\/p>\n\t\t\t\t\t<!--\/.Timline-description-->\n\t\t\t<!--\/.Timline-Content-->\n\t\t<\/li>\n\t\t\t\t<li>\n\t\t\t\t\t\t<!--date-->\n\t\t\t\t\t11 juin 2025\t\t\t\t\n\t\t\t<!--\/.date-->\n\t\t\t<!--icon-->\n\t\t\t\t\t\t<!--image-->\n\t\t\t\t\t<img decoding=\"async\" src=\"https:\/\/solarpanda.com\/wp-content\/uploads\/2025\/06\/number-two-round-icon.png\"\/>\n\t\t\t<!--\/.image-->\n\t\t\t<!--Timline-Content-->\n\t\t\t\t\t<!--Timline-Title-->\n\t\t\t\t\t<h3>\n\t\t\t\t\t\tInstallation facile\t\t\t\t\t<\/h3>\n\t\t\t\t\t<!--\/.Timline-Title-->\n\t\t\t\t\t<!--Timline-description-->\n\t\t\t\t\t<p><img loading=\"lazy\" decoding=\"async\" src=\"https:\/\/solarpanda.com\/wp-content\/uploads\/2025\/06\/easy-setup-e1749667011728.png\" alt=\"\" width=\"220\" height=\"176\" \/>B\u00e9n\u00e9ficiez d'une installation professionnelle gratuite pour tous les bouquets TV. Notre \u00e9quipe d'assistance \u00e0 la client\u00e8le est \u00e0 votre disposition si vous avez des questions.<\/p>\n\t\t\t\t\t<!--\/.Timline-description-->\n\t\t\t<!--\/.Timline-Content-->\n\t\t<\/li>\n\t\t\t\t<li>\n\t\t\t\t\t\t<!--date-->\n\t\t\t\t\t11 juin 2025\t\t\t\t\n\t\t\t<!--\/.date-->\n\t\t\t<!--icon-->\n\t\t\t\t\t\t<!--image-->\n\t\t\t\t\t<img decoding=\"async\" src=\"https:\/\/solarpanda.com\/wp-content\/uploads\/2025\/06\/number-three-round-icon-1.png\"\/>\n\t\t\t<!--\/.image-->\n\t\t\t<!--Timline-Content-->\n\t\t\t\t\t<!--Timline-Title-->\n\t\t\t\t\t<h3>\n\t\t\t\t\t\tPaiements abordables\t\t\t\t\t<\/h3>\n\t\t\t\t\t<!--\/.Timline-Title-->\n\t\t\t\t\t<!--Timline-description-->\n\t\t\t\t\t<p><img loading=\"lazy\" decoding=\"async\" src=\"https:\/\/solarpanda.com\/wp-content\/uploads\/2025\/06\/affordable-payment-e1749666853556.png\" alt=\"\" width=\"175\" height=\"220\" \/>Payez \u00e0 la journ\u00e9e (ou plusieurs jours \u00e0 la fois) pour b\u00e9n\u00e9ficier de 24 heures d'\u00e9lectricit\u00e9 pour chaque jour pay\u00e9.<\/p>\n\t\t\t\t\t<!--\/.Timline-description-->\n\t\t\t<!--\/.Timline-Content-->\n\t\t<\/li>\n\t\t\t\t<li>\n\t\t\t\t\t\t<!--date-->\n\t\t\t\t\t11 juin 2025\t\t\t\t\n\t\t\t<!--\/.date-->\n\t\t\t<!--icon-->\n\t\t\t\t\t\t<!--image-->\n\t\t\t\t\t<img decoding=\"async\" src=\"https:\/\/solarpanda.com\/wp-content\/uploads\/2025\/06\/number-four-round-icon-1.png\"\/>\n\t\t\t<!--\/.image-->\n\t\t\t<!--Timline-Content-->\n\t\t\t\t\t<!--Timline-Title-->\n\t\t\t\t\t<h3>\n\t\t\t\t\t\tD\u00e9bloquer l'\u00e9lectricit\u00e9 gratuite\t\t\t\t\t<\/h3>\n\t\t\t\t\t<!--\/.Timline-Title-->\n\t\t\t\t\t<!--Timline-description-->\n\t\t\t\t\t<p><img loading=\"lazy\" decoding=\"async\" src=\"https:\/\/solarpanda.com\/wp-content\/uploads\/2025\/06\/own-outright-e1749667025777.png\" alt=\"\" width=\"228\" height=\"202\" \/>Plus vous payez rapidement, plus vous \u00e9conomisez.  Une fois votre pr\u00eat rembours\u00e9, vous devenez propri\u00e9taire de vos appareils et b\u00e9n\u00e9ficiez d'une \u00e9lectricit\u00e9 gratuite pendant des ann\u00e9es.<\/p>\n\t\t\t\t\t<!--\/.Timline-description-->\n\t\t\t<!--\/.Timline-Content-->\n\t\t<\/li>\n\t\t\t<\/ul>\n<h2>\n\t\t\tPourquoi Solar Home ?\t<\/h2>\n<figure itemscope itemtype=\"https:\/\/schema.org\/ImageObject\">\n\t\t\t\t<img decoding=\"async\" src=\"https:\/\/solarpanda.com\/wp-content\/uploads\/2025\/07\/PG923585-V7-5Gb-Massai-family-600x465.jpg\" alt=\"PG923585-V7-5Gb Famille Massai\" height=\"465\" width=\"600\" title=\"PG923585-V7-5Gb Famille Massai\" onerror=\"this.style.display='none'\" loading=\"lazy\" \/>\n\t<\/figure>\n\t<h3>\u00c9pargne et propri\u00e9t\u00e9<\/h3>\n<p>Obtenez une \u00e9lectricit\u00e9 s\u00fbre et fiable pour un co\u00fbt inf\u00e9rieur \u00e0 celui du k\u00e9ros\u00e8ne ou du r\u00e9seau.  Utilisez l'argent \u00e9conomis\u00e9 pour l'\u00e9ducation, l'alimentation, le transport, les soins de sant\u00e9 et votre entreprise.  Payez rapidement pour r\u00e9aliser des \u00e9conomies suppl\u00e9mentaires.<\/p>\n<figure itemscope itemtype=\"https:\/\/schema.org\/ImageObject\">\n\t\t\t\t<img decoding=\"async\" src=\"https:\/\/solarpanda.com\/wp-content\/uploads\/2025\/07\/PG922851-V5-1-3-kids-homework-600x293.jpg\" alt=\"PG922851-V5 (1) 3 enfants devoirs\" height=\"293\" width=\"600\" title=\"PG922851-V5 (1) 3 enfants devoirs\" onerror=\"this.style.display='none'\" loading=\"lazy\" \/>\n\t<\/figure>\n\t<h3>\u00c9ducation et information<\/h3>\n<p>Obtenez des lumi\u00e8res claires et nettes pour vos travaux scolaires.  La t\u00e9l\u00e9vision et la radio vous font d\u00e9couvrir le monde.<\/p>\n<figure itemscope itemtype=\"https:\/\/schema.org\/ImageObject\">\n\t\t\t\t<img decoding=\"async\" src=\"https:\/\/solarpanda.com\/wp-content\/uploads\/2025\/07\/PG922817-V5-radio-mom-and-baby-600x480.jpg\" alt=\"PG922817-V5 radio maman et b\u00e9b\u00e9\" height=\"480\" width=\"600\" title=\"PG922817-V5 radio maman et b\u00e9b\u00e9\" onerror=\"this.style.display='none'\" loading=\"lazy\" \/>\n\t<\/figure>\n\t<h3>Sant\u00e9 et s\u00e9curit\u00e9<\/h3>\n<p>\u00c9liminez les toxines du k\u00e9ros\u00e8ne et les risques d'incendie dans votre maison et dans l'environnement.  Am\u00e9liorez la s\u00e9curit\u00e9 de votre maison, de votre ferme et de votre entreprise gr\u00e2ce \u00e0 l'\u00e9clairage ext\u00e9rieur.<\/p>\n<h2>\n\t\t\tCe que disent nos clients\t<\/h2>\n\t<blockquote>\u201cMon produit solaire a \u00e9t\u00e9 livr\u00e9 \u00e0 temps et l'installation a \u00e9t\u00e9 faite sans frais suppl\u00e9mentaires. Je vous remercie pour vos bons services.\u201d<br \/>\n- Apiche M.<\/blockquote>\n\t<blockquote>\u201cSolar Panda ne se contente pas de vous vendre les produits et de vous laisser vous d\u00e9brouiller. Ils vous appellent pour s'assurer que l'installation a \u00e9t\u00e9 effectu\u00e9e correctement par leur agent et vous envoient \u00e9galement des rappels quotidiens sur la mani\u00e8re d'utiliser le produit. J'aime beaucoup cela.\u201d<br \/>\n- Edah K.<\/blockquote>\n\t<blockquote>\u201cNous avons rembours\u00e9 notre forfait TV assez rapidement, et maintenant nous sommes propri\u00e9taires de notre TV et de nos \u00e9clairages, et nous pouvons recharger notre t\u00e9l\u00e9phone portable sans avoir \u00e0 payer davantage.  C'\u00e9tait une bonne d\u00e9cision pour nous.\u201d<br \/>\n- Obadiah M.<\/blockquote>\n<h2>\n\t\t\tSolar Panda propose d\u00e9sormais de l'\u00e9nergie solaire \u00e0 l'\u00e9chelle industrielle au Kenya\t<\/h2>\n\t\t\t<a href=\"https:\/\/solarpanda.com\/fr\/solaire-industriel\/\"  target=\"_self\">\n\t\t\t\t\t\t\tEn savoir plus\n\t\t\t<\/a>","protected":false},"excerpt":{"rendered":"<p>Low-Cost Home SolarTransforming Lives Why Solar Panda? Top Quality We design and engineer our products to be the best in the market. We want them to work well and last for many years. Loan-To-Own Our affordable payment plans deliver savings now. Ownership delivers savings in the future. Save More Fast customer payments give families additional [&hellip;]<\/p>\n","protected":false},"author":2,"featured_media":0,"parent":0,"menu_order":0,"comment_status":"closed","ping_status":"closed","template":"","meta":{"site-sidebar-layout":"no-sidebar","site-content-layout":"","ast-site-content-layout":"full-width-container","site-content-style":"default","site-sidebar-style":"default","ast-global-header-display":"","ast-banner-title-visibility":"","ast-main-header-display":"","ast-hfb-above-header-display":"","ast-hfb-below-header-display":"","ast-hfb-mobile-header-display":"","site-post-title":"disabled","ast-breadcrumbs-content":"","ast-featured-img":"","footer-sml-layout":"","theme-transparent-header-meta":"","adv-header-id-meta":"","stick-header-meta":"","header-above-stick-meta":"","header-main-stick-meta":"","header-below-stick-meta":"","astra-migrate-meta-layouts":"default","ast-page-background-enabled":"default","ast-page-background-meta":{"desktop":{"background-color":"var(--ast-global-color-5)","background-image":"","background-repeat":"repeat","background-position":"center center","background-size":"auto","background-attachment":"scroll","background-type":"","background-media":"","overlay-type":"","overlay-color":"","overlay-opacity":"","overlay-gradient":""},"tablet":{"background-color":"","background-image":"","background-repeat":"repeat","background-position":"center center","background-size":"auto","background-attachment":"scroll","background-type":"","background-media":"","overlay-type":"","overlay-color":"","overlay-opacity":"","overlay-gradient":""},"mobile":{"background-color":"","background-image":"","background-repeat":"repeat","background-position":"center center","background-size":"auto","background-attachment":"scroll","background-type":"","background-media":"","overlay-type":"","overlay-color":"","overlay-opacity":"","overlay-gradient":""}},"ast-content-background-meta":{"desktop":{"background-color":"var(--ast-global-color-4)","background-image":"","background-repeat":"repeat","background-position":"center center","background-size":"auto","background-attachment":"scroll","background-type":"","background-media":"","overlay-type":"","overlay-color":"","overlay-opacity":"","overlay-gradient":""},"tablet":{"background-color":"var(--ast-global-color-4)","background-image":"","background-repeat":"repeat","background-position":"center center","background-size":"auto","background-attachment":"scroll","background-type":"","background-media":"","overlay-type":"","overlay-color":"","overlay-opacity":"","overlay-gradient":""},"mobile":{"background-color":"var(--ast-global-color-4)","background-image":"","background-repeat":"repeat","background-position":"center center","background-size":"auto","background-attachment":"scroll","background-type":"","background-media":"","overlay-type":"","overlay-color":"","overlay-opacity":"","overlay-gradient":""}},"footnotes":""},"class_list":["post-12","page","type-page","status-publish","hentry"],"_links":{"self":[{"href":"https:\/\/solarpanda.com\/fr\/wp-json\/wp\/v2\/pages\/12","targetHints":{"allow":["GET"]}}],"collection":[{"href":"https:\/\/solarpanda.com\/fr\/wp-json\/wp\/v2\/pages"}],"about":[{"href":"https:\/\/solarpanda.com\/fr\/wp-json\/wp\/v2\/types\/page"}],"author":[{"embeddable":true,"href":"https:\/\/solarpanda.com\/fr\/wp-json\/wp\/v2\/users\/2"}],"replies":[{"embeddable":true,"href":"https:\/\/solarpanda.com\/fr\/wp-json\/wp\/v2\/comments?post=12"}],"version-history":[{"count":13,"href":"https:\/\/solarpanda.com\/fr\/wp-json\/wp\/v2\/pages\/12\/revisions"}],"predecessor-version":[{"id":3742,"href":"https:\/\/solarpanda.com\/fr\/wp-json\/wp\/v2\/pages\/12\/revisions\/3742"}],"wp:attachment":[{"href":"https:\/\/solarpanda.com\/fr\/wp-json\/wp\/v2\/media?parent=12"}],"curies":[{"name":"wp","href":"https:\/\/api.w.org\/{rel}","templated":true}]}}